{"id":312,"date":"2024-05-24T18:19:41","date_gmt":"2024-05-24T16:19:41","guid":{"rendered":"https:\/\/pardalys.fr\/afs\/?page_id=312"},"modified":"2024-12-05T09:39:34","modified_gmt":"2024-12-05T08:39:34","slug":"mentions-legales","status":"publish","type":"page","link":"https:\/\/lesateliersfrancaisdelasellerie.com\/?page_id=312","title":{"rendered":"Mentions l\u00e9gales"},"content":{"rendered":"\n[et_pb_section fb_built=\u00a0\u00bb1&Prime; _builder_version=\u00a0\u00bb4.24.3&Prime; _module_preset=\u00a0\u00bbdefault\u00a0\u00bb global_colors_info=\u00a0\u00bb{}\u00a0\u00bb theme_builder_area=\u00a0\u00bbpost_content\u00a0\u00bb][et_pb_row _builder_version=\u00a0\u00bb4.24.3&Prime; _module_preset=\u00a0\u00bbdefault\u00a0\u00bb background_color=\u00a0\u00bb#1A3A20&Prime; custom_padding=\u00a0\u00bb3%||3%||true|false\u00a0\u00bb animation_style=\u00a0\u00bbslide\u00a0\u00bb animation_intensity_slide=\u00a0\u00bb15%\u00a0\u00bb animation_starting_opacity=\u00a0\u00bb100%\u00a0\u00bb global_colors_info=\u00a0\u00bb{}\u00a0\u00bb theme_builder_area=\u00a0\u00bbpost_content\u00a0\u00bb][et_pb_column type=\u00a0\u00bb4_4&Prime; _builder_version=\u00a0\u00bb4.24.3&Prime; _module_preset=\u00a0\u00bbdefault\u00a0\u00bb global_colors_info=\u00a0\u00bb{}\u00a0\u00bb theme_builder_area=\u00a0\u00bbpost_content\u00a0\u00bb][et_pb_text _builder_version=\u00a0\u00bb4.24.3&Prime; _module_preset=\u00a0\u00bbdefault\u00a0\u00bb header_font=\u00a0\u00bb||||||||\u00a0\u00bb header_text_align=\u00a0\u00bbcenter\u00a0\u00bb header_text_color=\u00a0\u00bb#FFFFFF\u00a0\u00bb header_font_size=\u00a0\u00bb39px\u00a0\u00bb hover_enabled=\u00a0\u00bb0&Prime; global_colors_info=\u00a0\u00bb{}\u00a0\u00bb theme_builder_area=\u00a0\u00bbpost_content\u00a0\u00bb sticky_enabled=\u00a0\u00bb0&Prime;]<h1>Mentions L\u00e9gales<\/h1>[\/et_pb_text][\/et_pb_column][\/et_pb_row][et_pb_row _builder_version=\u00a0\u00bb4.24.3&Prime; _module_preset=\u00a0\u00bbdefault\u00a0\u00bb global_colors_info=\u00a0\u00bb{}\u00a0\u00bb theme_builder_area=\u00a0\u00bbpost_content\u00a0\u00bb][et_pb_column type=\u00a0\u00bb4_4&Prime; _builder_version=\u00a0\u00bb4.24.3&Prime; _module_preset=\u00a0\u00bbdefault\u00a0\u00bb global_colors_info=\u00a0\u00bb{}\u00a0\u00bb theme_builder_area=\u00a0\u00bbpost_content\u00a0\u00bb][et_pb_text _builder_version=\u00a0\u00bb4.24.3&Prime; _module_preset=\u00a0\u00bbdefault\u00a0\u00bb hover_enabled=\u00a0\u00bb0&Prime; global_colors_info=\u00a0\u00bb{}\u00a0\u00bb theme_builder_area=\u00a0\u00bbpost_content\u00a0\u00bb sticky_enabled=\u00a0\u00bb0&Prime;]<p>Nom de l\u2019entreprise : Les Ateliers Fran\u00e7ais de la Sellerie<br \/>Nom commercial : <span>LES ATELIERS FRANCAIS DE LA SELLERIE<\/span><br \/>Type d\u2019entreprise : <span>SASU Soci\u00e9t\u00e9 par actions simplifi\u00e9e \u00e0 associ\u00e9 unique<\/span><br \/>Adresse : 475 Avenue Flandres Dunkerque 1940, Villeneuve-Saint-Germain, 02200<br \/>T\u00e9l\u00e9phone : <a href=\"tel:0323931480\" target=\"_blank\" rel=\"noopener\">03 23 93 14 80<\/a><br \/>Email : <a href=\"mailto:contact@lestaliersfrancaisdelasellerie.com\" target=\"_blank\" rel=\"noopener\">contact@lestaliersfrancaisdelasellerie.com<\/a><br \/>SIRET : 88493841600010<br \/>Immatricul\u00e9e \u00e0 : <span>Compiegne<\/span><br \/>N\u00b0 TVA Intracommunautaire : FR47884938416<br \/>Code APE : Fabrication d&rsquo;autres textiles techniques et industriels (1396Z)<\/p>\n<div class=\"compteplus historiqueDonneesAffiliationDesktop newoffers\">\n<div class=\"AutopromoPlus__promo inTable newoffers\"><\/div>\n<\/div>\n<p>&nbsp;<\/p>\n<h2>Responsable de la publication<\/h2>\n<p>Nom : DEBLYCK<br \/>Pr\u00e9nom : Diane<br \/>Cr\u00e9ation du site :<span>\u00a0<\/span><a href=\"https:\/\/pardalys.fr\/\" target=\"_blank\" rel=\"noopener\">Pardalys<\/a><br \/>Adresse :<span>\u00a0<\/span><span>39 rue des Fossettes,\u00a0<\/span><span>95650 G\u00e9nicourt<\/span><br \/>H\u00e9bergement du site : OVH<\/p>[\/et_pb_text][\/et_pb_column][\/et_pb_row][\/et_pb_section]\n","protected":false},"excerpt":{"rendered":"<p>Mentions L\u00e9galesNom de l\u2019entreprise : Les Ateliers Fran\u00e7ais de la SellerieNom commercial : LES ATELIERS FRANCAIS DE LA SELLERIEType d\u2019entreprise : SASU Soci\u00e9t\u00e9 par actions simplifi\u00e9e \u00e0 associ\u00e9 uniqueAdresse : 475 Avenue Flandres Dunkerque 1940, Villeneuve-Saint-Germain, 02200T\u00e9l\u00e9phone : 03 23 93 14 80Email : contact@lestaliersfrancaisdelasellerie.comSIRET : 88493841600010Immatricul\u00e9e \u00e0 : CompiegneN\u00b0 TVA Intracommunautaire : FR47884938416Code APE [&hellip;]<\/p>\n","protected":false},"author":1,"featured_media":0,"parent":0,"menu_order":0,"comment_status":"closed","ping_status":"closed","template":"","meta":{"_et_pb_use_builder":"on","_et_pb_old_content":"","_et_gb_content_width":"","footnotes":""},"class_list":["post-312","page","type-page","status-publish","hentry"],"yoast_head":"<!-- This site is optimized with the Yoast SEO plugin v24.0 - https:\/\/yoast.com\/wordpress\/plugins\/seo\/ -->\n<title>Mentions l\u00e9gales - Ateliers Fran\u00e7ais de la Sellerie<\/title>\n<meta name=\"description\" content=\"D\u00e9couvrez toutes les mentions l\u00e9gales du site des Ateliers Fran\u00e7ais de la Sellerie, sellerie, garnissage, automobile de collection.\" \/>\n<meta name=\"robots\" content=\"index, follow, max-snippet:-1, max-image-preview:large, max-video-preview:-1\" \/>\n<link rel=\"canonical\" href=\"https:\/\/lesateliersfrancaisdelasellerie.com\/?page_id=312\" \/>\n<meta property=\"og:locale\" content=\"fr_FR\" \/>\n<meta property=\"og:type\" content=\"article\" \/>\n<meta property=\"og:title\" content=\"Mentions l\u00e9gales - Ateliers Fran\u00e7ais de la Sellerie\" \/>\n<meta property=\"og:description\" content=\"D\u00e9couvrez toutes les mentions l\u00e9gales du site des Ateliers Fran\u00e7ais de la Sellerie, sellerie, garnissage, automobile de collection.\" \/>\n<meta property=\"og:url\" content=\"https:\/\/lesateliersfrancaisdelasellerie.com\/?page_id=312\" \/>\n<meta property=\"og:site_name\" content=\"Ateliers Fran\u00e7ais de la Sellerie\" \/>\n<meta property=\"article:modified_time\" content=\"2024-12-05T08:39:34+00:00\" \/>\n<meta name=\"twitter:card\" content=\"summary_large_image\" \/>\n<meta name=\"twitter:label1\" content=\"Dur\u00e9e de lecture estim\u00e9e\" \/>\n\t<meta name=\"twitter:data1\" content=\"1 minute\" \/>\n<script type=\"application\/ld+json\" class=\"yoast-schema-graph\">{\"@context\":\"https:\/\/schema.org\",\"@graph\":[{\"@type\":\"WebPage\",\"@id\":\"https:\/\/lesateliersfrancaisdelasellerie.com\/?page_id=312\",\"url\":\"https:\/\/lesateliersfrancaisdelasellerie.com\/?page_id=312\",\"name\":\"Mentions l\u00e9gales - Ateliers Fran\u00e7ais de la Sellerie\",\"isPartOf\":{\"@id\":\"https:\/\/lesateliersfrancaisdelasellerie.com\/#website\"},\"datePublished\":\"2024-05-24T16:19:41+00:00\",\"dateModified\":\"2024-12-05T08:39:34+00:00\",\"description\":\"D\u00e9couvrez toutes les mentions l\u00e9gales du site des Ateliers Fran\u00e7ais de la Sellerie, sellerie, garnissage, automobile de collection.\",\"breadcrumb\":{\"@id\":\"https:\/\/lesateliersfrancaisdelasellerie.com\/?page_id=312#breadcrumb\"},\"inLanguage\":\"fr-FR\",\"potentialAction\":[{\"@type\":\"ReadAction\",\"target\":[\"https:\/\/lesateliersfrancaisdelasellerie.com\/?page_id=312\"]}]},{\"@type\":\"BreadcrumbList\",\"@id\":\"https:\/\/lesateliersfrancaisdelasellerie.com\/?page_id=312#breadcrumb\",\"itemListElement\":[{\"@type\":\"ListItem\",\"position\":1,\"name\":\"Accueil\",\"item\":\"https:\/\/lesateliersfrancaisdelasellerie.com\/\"},{\"@type\":\"ListItem\",\"position\":2,\"name\":\"Mentions l\u00e9gales\"}]},{\"@type\":\"WebSite\",\"@id\":\"https:\/\/lesateliersfrancaisdelasellerie.com\/#website\",\"url\":\"https:\/\/lesateliersfrancaisdelasellerie.com\/\",\"name\":\"Ateliers Fran\u00e7ais de la Sellerie\",\"description\":\"\",\"potentialAction\":[{\"@type\":\"SearchAction\",\"target\":{\"@type\":\"EntryPoint\",\"urlTemplate\":\"https:\/\/lesateliersfrancaisdelasellerie.com\/?s={search_term_string}\"},\"query-input\":{\"@type\":\"PropertyValueSpecification\",\"valueRequired\":true,\"valueName\":\"search_term_string\"}}],\"inLanguage\":\"fr-FR\"}]}<\/script>\n<!-- \/ Yoast SEO plugin. -->","yoast_head_json":{"title":"Mentions l\u00e9gales - Ateliers Fran\u00e7ais de la Sellerie","description":"D\u00e9couvrez toutes les mentions l\u00e9gales du site des Ateliers Fran\u00e7ais de la Sellerie, sellerie, garnissage, automobile de collection.","robots":{"index":"index","follow":"follow","max-snippet":"max-snippet:-1","max-image-preview":"max-image-preview:large","max-video-preview":"max-video-preview:-1"},"canonical":"https:\/\/lesateliersfrancaisdelasellerie.com\/?page_id=312","og_locale":"fr_FR","og_type":"article","og_title":"Mentions l\u00e9gales - Ateliers Fran\u00e7ais de la Sellerie","og_description":"D\u00e9couvrez toutes les mentions l\u00e9gales du site des Ateliers Fran\u00e7ais de la Sellerie, sellerie, garnissage, automobile de collection.","og_url":"https:\/\/lesateliersfrancaisdelasellerie.com\/?page_id=312","og_site_name":"Ateliers Fran\u00e7ais de la Sellerie","article_modified_time":"2024-12-05T08:39:34+00:00","twitter_card":"summary_large_image","twitter_misc":{"Dur\u00e9e de lecture estim\u00e9e":"1 minute"},"schema":{"@context":"https:\/\/schema.org","@graph":[{"@type":"WebPage","@id":"https:\/\/lesateliersfrancaisdelasellerie.com\/?page_id=312","url":"https:\/\/lesateliersfrancaisdelasellerie.com\/?page_id=312","name":"Mentions l\u00e9gales - Ateliers Fran\u00e7ais de la Sellerie","isPartOf":{"@id":"https:\/\/lesateliersfrancaisdelasellerie.com\/#website"},"datePublished":"2024-05-24T16:19:41+00:00","dateModified":"2024-12-05T08:39:34+00:00","description":"D\u00e9couvrez toutes les mentions l\u00e9gales du site des Ateliers Fran\u00e7ais de la Sellerie, sellerie, garnissage, automobile de collection.","breadcrumb":{"@id":"https:\/\/lesateliersfrancaisdelasellerie.com\/?page_id=312#breadcrumb"},"inLanguage":"fr-FR","potentialAction":[{"@type":"ReadAction","target":["https:\/\/lesateliersfrancaisdelasellerie.com\/?page_id=312"]}]},{"@type":"BreadcrumbList","@id":"https:\/\/lesateliersfrancaisdelasellerie.com\/?page_id=312#breadcrumb","itemListElement":[{"@type":"ListItem","position":1,"name":"Accueil","item":"https:\/\/lesateliersfrancaisdelasellerie.com\/"},{"@type":"ListItem","position":2,"name":"Mentions l\u00e9gales"}]},{"@type":"WebSite","@id":"https:\/\/lesateliersfrancaisdelasellerie.com\/#website","url":"https:\/\/lesateliersfrancaisdelasellerie.com\/","name":"Ateliers Fran\u00e7ais de la Sellerie","description":"","potentialAction":[{"@type":"SearchAction","target":{"@type":"EntryPoint","urlTemplate":"https:\/\/lesateliersfrancaisdelasellerie.com\/?s={search_term_string}"},"query-input":{"@type":"PropertyValueSpecification","valueRequired":true,"valueName":"search_term_string"}}],"inLanguage":"fr-FR"}]}},"_links":{"self":[{"href":"https:\/\/lesateliersfrancaisdelasellerie.com\/index.php?rest_route=\/wp\/v2\/pages\/312","targetHints":{"allow":["GET"]}}],"collection":[{"href":"https:\/\/lesateliersfrancaisdelasellerie.com\/index.php?rest_route=\/wp\/v2\/pages"}],"about":[{"href":"https:\/\/lesateliersfrancaisdelasellerie.com\/index.php?rest_route=\/wp\/v2\/types\/page"}],"author":[{"embeddable":true,"href":"https:\/\/lesateliersfrancaisdelasellerie.com\/index.php?rest_route=\/wp\/v2\/users\/1"}],"replies":[{"embeddable":true,"href":"https:\/\/lesateliersfrancaisdelasellerie.com\/index.php?rest_route=%2Fwp%2Fv2%2Fcomments&post=312"}],"version-history":[{"count":1,"href":"https:\/\/lesateliersfrancaisdelasellerie.com\/index.php?rest_route=\/wp\/v2\/pages\/312\/revisions"}],"predecessor-version":[{"id":315,"href":"https:\/\/lesateliersfrancaisdelasellerie.com\/index.php?rest_route=\/wp\/v2\/pages\/312\/revisions\/315"}],"wp:attachment":[{"href":"https:\/\/lesateliersfrancaisdelasellerie.com\/index.php?rest_route=%2Fwp%2Fv2%2Fmedia&parent=312"}],"curies":[{"name":"wp","href":"https:\/\/api.w.org\/{rel}","templated":true}]}}